{"id":22477,"date":"2024-08-30T03:54:43","date_gmt":"2024-08-30T03:54:43","guid":{"rendered":"https:\/\/fast-depannage.fr\/?page_id=22477"},"modified":"2024-08-30T04:03:35","modified_gmt":"2024-08-30T04:03:35","slug":"depannage-auto-granville","status":"publish","type":"page","link":"https:\/\/fast-depannage.fr\/?page_id=22477","title":{"rendered":"D\u00e9pannage Auto Granville"},"content":{"rendered":"\t\t<div data-elementor-type=\"wp-page\" data-elementor-id=\"22477\" class=\"elementor elementor-22477\">\n\t\t\t\t\t\t<section class=\"elementor-section elementor-top-section elementor-element elementor-element-473b4f65 elementor-section-boxed elementor-section-height-default elementor-section-height-default\" data-id=\"473b4f65\" data-element_type=\"section\" data-e-type=\"section\">\n\t\t\t\t\t\t<div class=\"elementor-container elementor-column-gap-default\">\n\t\t\t\t\t<div class=\"elementor-column elementor-col-100 elementor-top-column elementor-element elementor-element-4b87f59a\" data-id=\"4b87f59a\" data-element_type=\"column\" data-e-type=\"column\">\n\t\t\t<div class=\"elementor-widget-wrap elementor-element-populated\">\n\t\t\t\t\t\t<div class=\"elementor-element elementor-element-2947af78 elementor-widget elementor-widget-heading\" data-id=\"2947af78\" data-element_type=\"widget\" data-e-type=\"widget\" data-widget_type=\"heading.default\">\n\t\t\t\t<div class=\"elementor-widget-container\">\n\t\t\t\t\t<h2 class=\"elementor-heading-title elementor-size-default\">DEPANNEUSE GRANVILLE<\/h2>\t\t\t\t<\/div>\n\t\t\t\t<\/div>\n\t\t\t\t<div class=\"elementor-element elementor-element-5c6a5c12 elementor-widget elementor-widget-text-editor\" data-id=\"5c6a5c12\" data-element_type=\"widget\" data-e-type=\"widget\" data-widget_type=\"text-editor.default\">\n\t\t\t\t<div class=\"elementor-widget-container\">\n\t\t\t\t\t\t\t\t\t<p>Notre entreprise de d\u00e9panneuse \u00e0 Granville\u00a0 , a \u00e9t\u00e9 cr\u00e9\u00e9e il y a 10 ans dans le but de venir en aide aux conducteurs en panne sur les routes de notre r\u00e9gion. Nous sommes une entreprise ind\u00e9pendante, fier de notre expertise et de notre professionnalisme.<\/p><p>Notre \u00e9quipe est compos\u00e9e de m\u00e9caniciens qualifi\u00e9s et de d\u00e9panneurs exp\u00e9riment\u00e9s, pr\u00eats \u00e0 intervenir rapidement en cas de besoin. Nous proposons une large gamme de services, allant du remorquage de votre v\u00e9hicule jusqu&rsquo;au d\u00e9pannage sur place, en passant par le remplacement de pneus ou la mise en place de batteries de secours.<\/p><p>Nous intervenons dans un rayon de 50 km autour de notre garage, afin de pouvoir vous offrir un service rapide et efficace. Nos tarifs sont comp\u00e9titifs et nous proposons plusieurs formules de paiement pour vous convenir.<\/p><p>En cas de panne, n&rsquo;h\u00e9sitez pas \u00e0 nous contacter par t\u00e9l\u00e9phone ou via notre formulaire de contact en ligne. Nous serons heureux de vous aider et de vous assurer un retour \u00e0 la route en toute s\u00e9curit\u00e9. Merci de votre confiance en notre entreprise.<\/p><h1><a href=\"https:\/\/fast-depann.fr\/depannage-auto-granville\/\">\u00a0DEPANNAGE AUTO GRANVILLE<\/a><\/h1><p>Assistance 24\/7:\u00a0 remorquage &amp; d\u00e9pannage auto<\/p><h2>D\u00e9panneuse autour de moi<\/h2><p>Vous \u00eates \u00e0 la recherche d&rsquo;une d\u00e9panneuse et d&rsquo;un d\u00e9pannage auto de qualit\u00e9? Vous \u00eates au bon endroit!<br \/>Notre entreprise de d\u00e9pannage auto est sp\u00e9cialis\u00e9e dans le d\u00e9pannage de tous types de v\u00e9hicules, qu&rsquo;il s&rsquo;agisse de voitures, de camions, de motos ou de tout autre v\u00e9hicule. Nous proposons \u00e9galement des services de d\u00e9pannage en cas de panne ou d&rsquo;accident.<br \/>Notre \u00e9quipe est compos\u00e9e de professionnels exp\u00e9riment\u00e9s et qualifi\u00e9s, qui mettent leur savoir-faire et leur expertise \u00e0 votre disposition pour r\u00e9parer votre v\u00e9hicule de mani\u00e8re rapide et efficace. Nous utilisons des \u00e9quipements de haute qualit\u00e9 et des pi\u00e8ces de rechange de premier choix pour garantir la meilleure qualit\u00e9 de r\u00e9paration possible.<br \/>Nous sommes \u00e9galement \u00e9quip\u00e9s d&rsquo;une d\u00e9panneuse qui peut se rendre sur place en cas de panne ou d&rsquo;accident, afin de vous d\u00e9panner rapidement et de vous \u00e9viter tout probl\u00e8me de d\u00e9placement.<br \/>N&rsquo;h\u00e9sitez pas \u00e0 nous contacter pour plus d&rsquo;informations ou pour prendre rendez-vous. Nous sommes l\u00e0 pour vous aider \u00e0 r\u00e9parer votre v\u00e9hicule et \u00e0 vous faire rouler en toute s\u00e9curit\u00e9.<\/p><h2>Vous avez besoin d&rsquo;une d\u00e9panneuse panier ou un plateau<\/h2><p>Une d\u00e9panneuse panier est un v\u00e9hicule de d\u00e9pannage \u00e9quip\u00e9 d&rsquo;une grue et d&rsquo;un plateau sur lequel le v\u00e9hicule en panne peut \u00eatre charg\u00e9. Le v\u00e9hicule en panne est soulev\u00e9 par la grue et pos\u00e9 sur le plateau de la d\u00e9panneuse, qui peut alors le transporter vers le garage de r\u00e9paration.<br \/>Une d\u00e9panneuse plateau coulissant, \u00e9galement appel\u00e9e d\u00e9panneuse plateau glissant ou d\u00e9panneuse plateau t\u00e9lescopique, est un v\u00e9hicule de d\u00e9pannage \u00e9quip\u00e9 d&rsquo;une grue et d&rsquo;un plateau coulissant qui peut \u00eatre \u00e9tendu ou repli\u00e9 selon les besoins. Le v\u00e9hicule en panne est soulev\u00e9 par la grue et pos\u00e9 sur le plateau coulissant de la d\u00e9panneuse, qui peut alors le transporter vers le garage de r\u00e9paration.<br \/>La principale diff\u00e9rence entre une d\u00e9panneuse panier et une d\u00e9panneuse plateau coulissant r\u00e9side dans la mani\u00e8re dont le v\u00e9hicule en panne est charg\u00e9 et transport\u00e9. La d\u00e9panneuse panier utilise un plateau fixe pour charger le v\u00e9hicule, tandis que la d\u00e9panneuse plateau coulissant utilise un plateau coulissant qui peut \u00eatre \u00e9tendu ou repli\u00e9 selon les besoins.<\/p>\t\t\t\t\t\t\t\t<\/div>\n\t\t\t\t<\/div>\n\t\t\t\t\t<\/div>\n\t\t<\/div>\n\t\t\t\t\t<\/div>\n\t\t<\/section>\n\t\t\t\t<\/div>\n\t\t","protected":false},"excerpt":{"rendered":"<p>DEPANNEUSE GRANVILLE Notre entreprise de d\u00e9panneuse \u00e0 Granville\u00a0 , a \u00e9t\u00e9 cr\u00e9\u00e9e il y a 10 ans dans le but de venir en aide aux conducteurs en panne sur les routes de notre r\u00e9gion. Nous sommes une entreprise ind\u00e9pendante, fier de notre expertise et de notre professionnalisme. Notre \u00e9quipe est compos\u00e9e de m\u00e9caniciens qualifi\u00e9s et [&hellip;]<\/p>\n","protected":false},"author":1,"featured_media":22468,"parent":0,"menu_order":0,"comment_status":"closed","ping_status":"closed","template":"","meta":{"site-sidebar-layout":"no-sidebar","site-content-layout":"page-builder","ast-site-content-layout":"full-width-container","site-content-style":"default","site-sidebar-style":"default","ast-global-header-display":"","ast-banner-title-visibility":"","ast-main-header-display":"","ast-hfb-above-header-display":"","ast-hfb-below-header-display":"","ast-hfb-mobile-header-display":"","site-post-title":"disabled","ast-breadcrumbs-content":"","ast-featured-img":"disabled","footer-sml-layout":"","ast-disable-related-posts":"","theme-transparent-header-meta":"","adv-header-id-meta":"","stick-header-meta":"","header-above-stick-meta":"","header-main-stick-meta":"","header-below-stick-meta":"","astra-migrate-meta-layouts":"set","ast-page-background-enabled":"default","ast-page-background-meta":{"desktop":{"background-color":"var(--ast-global-color-4)","background-image":"","background-repeat":"repeat","background-position":"center center","background-size":"auto","background-attachment":"scroll","background-type":"","background-media":"","overlay-type":"","overlay-color":"","overlay-opacity":"","overlay-gradient":""},"tablet":{"background-color":"","background-image":"","background-repeat":"repeat","background-position":"center center","background-size":"auto","background-attachment":"scroll","background-type":"","background-media":"","overlay-type":"","overlay-color":"","overlay-opacity":"","overlay-gradient":""},"mobile":{"background-color":"","background-image":"","background-repeat":"repeat","background-position":"center center","background-size":"auto","background-attachment":"scroll","background-type":"","background-media":"","overlay-type":"","overlay-color":"","overlay-opacity":"","overlay-gradient":""}},"ast-content-background-meta":{"desktop":{"background-color":"var(--ast-global-color-5)","background-image":"","background-repeat":"repeat","background-position":"center center","background-size":"auto","background-attachment":"scroll","background-type":"","background-media":"","overlay-type":"","overlay-color":"","overlay-opacity":"","overlay-gradient":""},"tablet":{"background-color":"var(--ast-global-color-5)","background-image":"","background-repeat":"repeat","background-position":"center center","background-size":"auto","background-attachment":"scroll","background-type":"","background-media":"","overlay-type":"","overlay-color":"","overlay-opacity":"","overlay-gradient":""},"mobile":{"background-color":"var(--ast-global-color-5)","background-image":"","background-repeat":"repeat","background-position":"center center","background-size":"auto","background-attachment":"scroll","background-type":"","background-media":"","overlay-type":"","overlay-color":"","overlay-opacity":"","overlay-gradient":""}},"footnotes":""},"class_list":["post-22477","page","type-page","status-publish","has-post-thumbnail","hentry"],"yoast_head":"<!-- This site is optimized with the Yoast SEO plugin v27.5 - https:\/\/yoast.com\/product\/yoast-seo-wordpress\/ -->\n<title>D\u00e9pannage Auto Granville - Assistance auto 01 84 21 33 50<\/title>\n<meta name=\"description\" content=\"D\u00e9pannage Auto Granville =&gt; Intervention en trente minutes. Tous types de d\u00e9pannages auto: panne de batterie, erreur essence.. Assistance auto 24\/7\" \/>\n<meta name=\"robots\" content=\"index, follow, max-snippet:-1, max-image-preview:large, max-video-preview:-1\" \/>\n<link rel=\"canonical\" href=\"https:\/\/fast-depannage.fr\/?page_id=22477\" \/>\n<meta property=\"og:locale\" content=\"fr_FR\" \/>\n<meta property=\"og:type\" content=\"article\" \/>\n<meta property=\"og:title\" content=\"D\u00e9pannage Auto Granville - Assistance auto 01 84 21 33 50\" \/>\n<meta property=\"og:description\" content=\"D\u00e9pannage Auto Granville =&gt; Intervention en trente minutes. Tous types de d\u00e9pannages auto: panne de batterie, erreur essence.. Assistance auto 24\/7\" \/>\n<meta property=\"og:url\" content=\"https:\/\/fast-depannage.fr\/?page_id=22477\" \/>\n<meta property=\"article:modified_time\" content=\"2024-08-30T04:03:35+00:00\" \/>\n<meta property=\"og:image\" content=\"https:\/\/fast-depannage.fr\/wp-content\/uploads\/2024\/06\/depannage-auto-le-Havre.webp\" \/>\n\t<meta property=\"og:image:width\" content=\"1792\" \/>\n\t<meta property=\"og:image:height\" content=\"1024\" \/>\n\t<meta property=\"og:image:type\" content=\"image\/webp\" \/>\n<meta name=\"twitter:card\" content=\"summary_large_image\" \/>\n<meta name=\"twitter:label1\" content=\"Dur\u00e9e de lecture estim\u00e9e\" \/>\n\t<meta name=\"twitter:data1\" content=\"3 minutes\" \/>\n<script type=\"application\/ld+json\" class=\"yoast-schema-graph\">{\"@context\":\"https:\\\/\\\/schema.org\",\"@graph\":[{\"@type\":\"WebPage\",\"@id\":\"https:\\\/\\\/fast-depannage.fr\\\/?page_id=22477\",\"url\":\"https:\\\/\\\/fast-depannage.fr\\\/?page_id=22477\",\"name\":\"D\u00e9pannage Auto Granville - Assistance auto 01 84 21 33 50\",\"isPartOf\":{\"@id\":\"https:\\\/\\\/fast-depannage.fr\\\/#website\"},\"primaryImageOfPage\":{\"@id\":\"https:\\\/\\\/fast-depannage.fr\\\/?page_id=22477#primaryimage\"},\"image\":{\"@id\":\"https:\\\/\\\/fast-depannage.fr\\\/?page_id=22477#primaryimage\"},\"thumbnailUrl\":\"https:\\\/\\\/fast-depannage.fr\\\/wp-content\\\/uploads\\\/2024\\\/06\\\/depannage-auto-le-Havre.webp\",\"datePublished\":\"2024-08-30T03:54:43+00:00\",\"dateModified\":\"2024-08-30T04:03:35+00:00\",\"description\":\"D\u00e9pannage Auto Granville => Intervention en trente minutes. Tous types de d\u00e9pannages auto: panne de batterie, erreur essence.. Assistance auto 24\\\/7\",\"breadcrumb\":{\"@id\":\"https:\\\/\\\/fast-depannage.fr\\\/?page_id=22477#breadcrumb\"},\"inLanguage\":\"fr-FR\",\"potentialAction\":[{\"@type\":\"ReadAction\",\"target\":[\"https:\\\/\\\/fast-depannage.fr\\\/?page_id=22477\"]}]},{\"@type\":\"ImageObject\",\"inLanguage\":\"fr-FR\",\"@id\":\"https:\\\/\\\/fast-depannage.fr\\\/?page_id=22477#primaryimage\",\"url\":\"https:\\\/\\\/fast-depannage.fr\\\/wp-content\\\/uploads\\\/2024\\\/06\\\/depannage-auto-le-Havre.webp\",\"contentUrl\":\"https:\\\/\\\/fast-depannage.fr\\\/wp-content\\\/uploads\\\/2024\\\/06\\\/depannage-auto-le-Havre.webp\",\"width\":1792,\"height\":1024},{\"@type\":\"BreadcrumbList\",\"@id\":\"https:\\\/\\\/fast-depannage.fr\\\/?page_id=22477#breadcrumb\",\"itemListElement\":[{\"@type\":\"ListItem\",\"position\":1,\"name\":\"D\u00e9pannage Auto\",\"item\":\"https:\\\/\\\/fast-depannage.fr\\\/\"},{\"@type\":\"ListItem\",\"position\":2,\"name\":\"D\u00e9pannage Auto Granville\"}]},{\"@type\":\"WebSite\",\"@id\":\"https:\\\/\\\/fast-depannage.fr\\\/#website\",\"url\":\"https:\\\/\\\/fast-depannage.fr\\\/\",\"name\":\"DEPANNAGE AUTO\",\"description\":\"Remorquage &amp; D\u00e9pannage Automobile\",\"publisher\":{\"@id\":\"https:\\\/\\\/fast-depannage.fr\\\/#organization\"},\"alternateName\":\"REMORQUAGE VOITURE\",\"potentialAction\":[{\"@type\":\"SearchAction\",\"target\":{\"@type\":\"EntryPoint\",\"urlTemplate\":\"https:\\\/\\\/fast-depannage.fr\\\/?s={search_term_string}\"},\"query-input\":{\"@type\":\"PropertyValueSpecification\",\"valueRequired\":true,\"valueName\":\"search_term_string\"}}],\"inLanguage\":\"fr-FR\"},{\"@type\":\"Organization\",\"@id\":\"https:\\\/\\\/fast-depannage.fr\\\/#organization\",\"name\":\"DEPANNAGE AUTO PARIS\",\"url\":\"https:\\\/\\\/fast-depannage.fr\\\/\",\"logo\":{\"@type\":\"ImageObject\",\"inLanguage\":\"fr-FR\",\"@id\":\"https:\\\/\\\/fast-depannage.fr\\\/#\\\/schema\\\/logo\\\/image\\\/\",\"url\":\"https:\\\/\\\/fast-depannage.fr\\\/wp-content\\\/uploads\\\/2022\\\/10\\\/fast-depannage-paris.webp\",\"contentUrl\":\"https:\\\/\\\/fast-depannage.fr\\\/wp-content\\\/uploads\\\/2022\\\/10\\\/fast-depannage-paris.webp\",\"width\":667,\"height\":1000,\"caption\":\"DEPANNAGE AUTO PARIS\"},\"image\":{\"@id\":\"https:\\\/\\\/fast-depannage.fr\\\/#\\\/schema\\\/logo\\\/image\\\/\"}}]}<\/script>\n<!-- \/ Yoast SEO plugin. -->","yoast_head_json":{"title":"D\u00e9pannage Auto Granville - Assistance auto 01 84 21 33 50","description":"D\u00e9pannage Auto Granville => Intervention en trente minutes. Tous types de d\u00e9pannages auto: panne de batterie, erreur essence.. Assistance auto 24\/7","robots":{"index":"index","follow":"follow","max-snippet":"max-snippet:-1","max-image-preview":"max-image-preview:large","max-video-preview":"max-video-preview:-1"},"canonical":"https:\/\/fast-depannage.fr\/?page_id=22477","og_locale":"fr_FR","og_type":"article","og_title":"D\u00e9pannage Auto Granville - Assistance auto 01 84 21 33 50","og_description":"D\u00e9pannage Auto Granville => Intervention en trente minutes. Tous types de d\u00e9pannages auto: panne de batterie, erreur essence.. Assistance auto 24\/7","og_url":"https:\/\/fast-depannage.fr\/?page_id=22477","article_modified_time":"2024-08-30T04:03:35+00:00","og_image":[{"width":1792,"height":1024,"url":"https:\/\/fast-depannage.fr\/wp-content\/uploads\/2024\/06\/depannage-auto-le-Havre.webp","type":"image\/webp"}],"twitter_card":"summary_large_image","twitter_misc":{"Dur\u00e9e de lecture estim\u00e9e":"3 minutes"},"schema":{"@context":"https:\/\/schema.org","@graph":[{"@type":"WebPage","@id":"https:\/\/fast-depannage.fr\/?page_id=22477","url":"https:\/\/fast-depannage.fr\/?page_id=22477","name":"D\u00e9pannage Auto Granville - Assistance auto 01 84 21 33 50","isPartOf":{"@id":"https:\/\/fast-depannage.fr\/#website"},"primaryImageOfPage":{"@id":"https:\/\/fast-depannage.fr\/?page_id=22477#primaryimage"},"image":{"@id":"https:\/\/fast-depannage.fr\/?page_id=22477#primaryimage"},"thumbnailUrl":"https:\/\/fast-depannage.fr\/wp-content\/uploads\/2024\/06\/depannage-auto-le-Havre.webp","datePublished":"2024-08-30T03:54:43+00:00","dateModified":"2024-08-30T04:03:35+00:00","description":"D\u00e9pannage Auto Granville => Intervention en trente minutes. Tous types de d\u00e9pannages auto: panne de batterie, erreur essence.. Assistance auto 24\/7","breadcrumb":{"@id":"https:\/\/fast-depannage.fr\/?page_id=22477#breadcrumb"},"inLanguage":"fr-FR","potentialAction":[{"@type":"ReadAction","target":["https:\/\/fast-depannage.fr\/?page_id=22477"]}]},{"@type":"ImageObject","inLanguage":"fr-FR","@id":"https:\/\/fast-depannage.fr\/?page_id=22477#primaryimage","url":"https:\/\/fast-depannage.fr\/wp-content\/uploads\/2024\/06\/depannage-auto-le-Havre.webp","contentUrl":"https:\/\/fast-depannage.fr\/wp-content\/uploads\/2024\/06\/depannage-auto-le-Havre.webp","width":1792,"height":1024},{"@type":"BreadcrumbList","@id":"https:\/\/fast-depannage.fr\/?page_id=22477#breadcrumb","itemListElement":[{"@type":"ListItem","position":1,"name":"D\u00e9pannage Auto","item":"https:\/\/fast-depannage.fr\/"},{"@type":"ListItem","position":2,"name":"D\u00e9pannage Auto Granville"}]},{"@type":"WebSite","@id":"https:\/\/fast-depannage.fr\/#website","url":"https:\/\/fast-depannage.fr\/","name":"DEPANNAGE AUTO","description":"Remorquage &amp; D\u00e9pannage Automobile","publisher":{"@id":"https:\/\/fast-depannage.fr\/#organization"},"alternateName":"REMORQUAGE VOITURE","potentialAction":[{"@type":"SearchAction","target":{"@type":"EntryPoint","urlTemplate":"https:\/\/fast-depannage.fr\/?s={search_term_string}"},"query-input":{"@type":"PropertyValueSpecification","valueRequired":true,"valueName":"search_term_string"}}],"inLanguage":"fr-FR"},{"@type":"Organization","@id":"https:\/\/fast-depannage.fr\/#organization","name":"DEPANNAGE AUTO PARIS","url":"https:\/\/fast-depannage.fr\/","logo":{"@type":"ImageObject","inLanguage":"fr-FR","@id":"https:\/\/fast-depannage.fr\/#\/schema\/logo\/image\/","url":"https:\/\/fast-depannage.fr\/wp-content\/uploads\/2022\/10\/fast-depannage-paris.webp","contentUrl":"https:\/\/fast-depannage.fr\/wp-content\/uploads\/2022\/10\/fast-depannage-paris.webp","width":667,"height":1000,"caption":"DEPANNAGE AUTO PARIS"},"image":{"@id":"https:\/\/fast-depannage.fr\/#\/schema\/logo\/image\/"}}]}},"_links":{"self":[{"href":"https:\/\/fast-depannage.fr\/index.php?rest_route=\/wp\/v2\/pages\/22477","targetHints":{"allow":["GET"]}}],"collection":[{"href":"https:\/\/fast-depannage.fr\/index.php?rest_route=\/wp\/v2\/pages"}],"about":[{"href":"https:\/\/fast-depannage.fr\/index.php?rest_route=\/wp\/v2\/types\/page"}],"author":[{"embeddable":true,"href":"https:\/\/fast-depannage.fr\/index.php?rest_route=\/wp\/v2\/users\/1"}],"replies":[{"embeddable":true,"href":"https:\/\/fast-depannage.fr\/index.php?rest_route=%2Fwp%2Fv2%2Fcomments&post=22477"}],"version-history":[{"count":12,"href":"https:\/\/fast-depannage.fr\/index.php?rest_route=\/wp\/v2\/pages\/22477\/revisions"}],"predecessor-version":[{"id":22500,"href":"https:\/\/fast-depannage.fr\/index.php?rest_route=\/wp\/v2\/pages\/22477\/revisions\/22500"}],"wp:featuredmedia":[{"embeddable":true,"href":"https:\/\/fast-depannage.fr\/index.php?rest_route=\/wp\/v2\/media\/22468"}],"wp:attachment":[{"href":"https:\/\/fast-depannage.fr\/index.php?rest_route=%2Fwp%2Fv2%2Fmedia&parent=22477"}],"curies":[{"name":"wp","href":"https:\/\/api.w.org\/{rel}","templated":true}]}}